{"id":301,"date":"2021-07-30T14:35:43","date_gmt":"2021-07-30T14:35:43","guid":{"rendered":"http:\/\/seishinaikidomallorca.com\/?page_id=301"},"modified":"2022-09-07T14:04:04","modified_gmt":"2022-09-07T14:04:04","slug":"musubi-no-kokoro","status":"publish","type":"page","link":"https:\/\/seishinaikidomallorca.com\/en\/musubi-no-kokoro","title":{"rendered":"Musubi No Kokoro"},"content":{"rendered":"<div data-elementor-type=\"wp-post\" data-elementor-id=\"301\" class=\"elementor elementor-301\">\n\t\t\t\t\t\t<section class=\"elementor-section elementor-top-section elementor-element elementor-element-3c8074d2 elementor-section-boxed elementor-section-height-default elementor-section-height-default\" data-id=\"3c8074d2\" data-element_type=\"section\" data-e-type=\"section\">\n\t\t\t\t\t\t<div class=\"elementor-container elementor-column-gap-default\">\n\t\t\t\t\t<div class=\"elementor-column elementor-col-100 elementor-top-column elementor-element elementor-element-3c8930fe\" data-id=\"3c8930fe\" data-element_type=\"column\" data-e-type=\"column\">\n\t\t\t<div class=\"elementor-widget-wrap elementor-element-populated\">\n\t\t\t\t\t\t<div class=\"elementor-element elementor-element-74582dd1 elementor-widget elementor-widget-text-editor\" data-id=\"74582dd1\" data-element_type=\"widget\" data-e-type=\"widget\" data-widget_type=\"text-editor.default\">\n\t\t\t\t<div class=\"elementor-widget-container\">\n\t\t\t\t\t\t\t\t\t<p><\/p>\n<p>La escuela Musubi fue creada por Lu\u00eds F. Moch\u00f3n Corredor sensei en Granada. Es una escuela de Aikido que sigue las ense\u00f1anzas del maestro Endo Seishiro sensei. Con los a\u00f1os, la escuela fue creciendo y distintos alumnos de Lu\u00eds sensei crearon sus propias escuelas, bajo el grupo Musubi. As\u00ed nace Musubi No Kokoro. Una familia de aikidokas repartida por todo el mundo, que comparten una visi\u00f3n del Aiki. Granada, M\u00e1laga, Almer\u00eda, Sevilla, Murcia, Madrid, Barcelona, Argentina, Israel, Malta, Chile, Mallorca, son algunos de los Dojos Musubi repartidos por el mundo.<\/p>\n<p><\/p>\n<p><\/p>\n<p>\u00a0<\/p>\n<p><\/p>\t\t\t\t\t\t\t\t<\/div>\n\t\t\t\t<\/div>\n\t\t\t\t\t<\/div>\n\t\t<\/div>\n\t\t\t\t\t<\/div>\n\t\t<\/section>\n\t\t\t\t<section class=\"elementor-section elementor-top-section elementor-element elementor-element-955efa1 elementor-section-boxed elementor-section-height-default elementor-section-height-default\" data-id=\"955efa1\" data-element_type=\"section\" data-e-type=\"section\">\n\t\t\t\t\t\t<div class=\"elementor-container elementor-column-gap-default\">\n\t\t\t\t\t<div class=\"elementor-column elementor-col-100 elementor-top-column elementor-element elementor-element-de086c0\" data-id=\"de086c0\" data-element_type=\"column\" data-e-type=\"column\">\n\t\t\t<div class=\"elementor-widget-wrap elementor-element-populated\">\n\t\t\t\t\t\t<div class=\"elementor-element elementor-element-13ec86b elementor-widget elementor-widget-text-editor\" data-id=\"13ec86b\" data-element_type=\"widget\" data-e-type=\"widget\" data-widget_type=\"text-editor.default\">\n\t\t\t\t<div class=\"elementor-widget-container\">\n\t\t\t\t\t\t\t\t\t<p>Musubi No Kokoro significa seriedad y profundidad en el estudio de Aikido, ambiente de compa\u00f1erismo, compromiso con la pr\u00e1ctica. En nuestra pr\u00e1ctica de Aikido buscamos la fidelidad a los principios transmitidos por O&#8217;Sensei Morihei Ueshiba, Fundador del Aikido, a trav\u00e9s de la visi\u00f3n de Endo Seishiro sensei, quien practic\u00f3 con el fundador de Aikido, con su hijo, el segundo Doshu, Kisshomaru Ueshiba, Osawa sensei y Yamaguchi sensei(quien se convirti\u00f3 en su principal maestro). No entendemos el Aikido como una pr\u00e1ctica meramente deportiva o de entretenimiento, sino como una pr\u00e1ctica tanto externa como interna que busca el desarrollo completo de la persona(cuerpo\/mente\/esp\u00edritu). Aikido va m\u00e1s all\u00e1 del mero aprendizaje t\u00e9cnico. El Aikido posee una base t\u00e9cnica sobre la cual se desarrollan los principios del arte. En Aikido no existen dos t\u00e9cnicas iguales, cada encuentro es \u00fanico y el progreso y la integraci\u00f3n de los principios se basan en la acumulaci\u00f3n de experiencia.<\/p>\n<p>\u00a0<\/p>\n<p>\u00a0<\/p>\n<p>\u00a0<\/p>\t\t\t\t\t\t\t\t<\/div>\n\t\t\t\t<\/div>\n\t\t\t\t\t<\/div>\n\t\t<\/div>\n\t\t\t\t\t<\/div>\n\t\t<\/section>\n\t\t\t\t<section class=\"elementor-section elementor-top-section elementor-element elementor-element-632c377 elementor-section-boxed elementor-section-height-default elementor-section-height-default\" data-id=\"632c377\" data-element_type=\"section\" data-e-type=\"section\">\n\t\t\t\t\t\t<div class=\"elementor-container elementor-column-gap-default\">\n\t\t\t\t\t<div class=\"elementor-column elementor-col-100 elementor-top-column elementor-element elementor-element-1a39762\" data-id=\"1a39762\" data-element_type=\"column\" data-e-type=\"column\">\n\t\t\t<div class=\"elementor-widget-wrap elementor-element-populated\">\n\t\t\t\t\t\t<div class=\"elementor-element elementor-element-2f4adee elementor-widget elementor-widget-text-editor\" data-id=\"2f4adee\" data-element_type=\"widget\" data-e-type=\"widget\" data-widget_type=\"text-editor.default\">\n\t\t\t\t<div class=\"elementor-widget-container\">\n\t\t\t\t\t\t\t\t\t<p>En el Dojo, ponemos en pr\u00e1ctica las ense\u00f1anzas de O&#8217;Sensei, no s\u00f3lo en la forma, sino tambi\u00e9n en el contenido. Ser Aikido.<\/p>\t\t\t\t\t\t\t\t<\/div>\n\t\t\t\t<\/div>\n\t\t\t\t\t<\/div>\n\t\t<\/div>\n\t\t\t\t\t<\/div>\n\t\t<\/section>\n\t\t\t\t<section class=\"elementor-section elementor-top-section elementor-element elementor-element-ed0022e elementor-section-boxed elementor-section-height-default elementor-section-height-default\" data-id=\"ed0022e\" data-element_type=\"section\" data-e-type=\"section\">\n\t\t\t\t\t\t<div class=\"elementor-container elementor-column-gap-default\">\n\t\t\t\t\t<div class=\"elementor-column elementor-col-100 elementor-top-column elementor-element elementor-element-b73244d\" data-id=\"b73244d\" data-element_type=\"column\" data-e-type=\"column\">\n\t\t\t<div class=\"elementor-widget-wrap elementor-element-populated\">\n\t\t\t\t\t\t<div class=\"elementor-element elementor-element-b84571c elementor-widget elementor-widget-spacer\" data-id=\"b84571c\" data-element_type=\"widget\" data-e-type=\"widget\" data-widget_type=\"spacer.default\">\n\t\t\t\t<div class=\"elementor-widget-container\">\n\t\t\t\t\t\t\t<div class=\"elementor-spacer\">\n\t\t\t<div class=\"elementor-spacer-inner\"><\/div>\n\t\t<\/div>\n\t\t\t\t\t\t<\/div>\n\t\t\t\t<\/div>\n\t\t\t\t\t<\/div>\n\t\t<\/div>\n\t\t\t\t\t<\/div>\n\t\t<\/section>\n\t\t\t\t<section class=\"elementor-section elementor-top-section elementor-element elementor-element-f4e9b71 elementor-section-boxed elementor-section-height-default elementor-section-height-default\" data-id=\"f4e9b71\" data-element_type=\"section\" data-e-type=\"section\">\n\t\t\t\t\t\t<div class=\"elementor-container elementor-column-gap-default\">\n\t\t\t\t\t<div class=\"elementor-column elementor-col-100 elementor-top-column elementor-element elementor-element-c185b12\" data-id=\"c185b12\" data-element_type=\"column\" data-e-type=\"column\">\n\t\t\t<div class=\"elementor-widget-wrap elementor-element-populated\">\n\t\t\t\t\t\t<div class=\"elementor-element elementor-element-d25487c elementor-widget elementor-widget-text-editor\" data-id=\"d25487c\" data-element_type=\"widget\" data-e-type=\"widget\" data-widget_type=\"text-editor.default\">\n\t\t\t\t<div class=\"elementor-widget-container\">\n\t\t\t\t\t\t\t\t\t<p style=\"text-align: left;\">&#8220;Practicamos Aikido en \u00faltima instancia para llegar a ser m\u00e1s libres.<\/p>\n<p>Debemos saborear la situaci\u00f3n cuando recibimos la vibraci\u00f3n del compa\u00f1ero, abrir nuestros sentidos teniendo en cuenta las circunstancias de nuestro entorno para que se pueda crear la acci\u00f3n: ahora, en este instante.<\/p>\n<p>Espero que sigamos haciendo nuestra pr\u00e1ctica valorando la Vibraci\u00f3n y la Conexi\u00f3n en este instante, ahora, ahora, ahora&#8230;&#8221;<\/p>\n<p>\u00a0<\/p>\n<p>Endo Seishiro Shihan. Vibraci\u00f3n y Conexi\u00f3n. El Aikido que yo busco.<\/p>\t\t\t\t\t\t\t\t<\/div>\n\t\t\t\t<\/div>\n\t\t\t\t\t<\/div>\n\t\t<\/div>\n\t\t\t\t\t<\/div>\n\t\t<\/section>\n\t\t\t\t<section class=\"elementor-section elementor-top-section elementor-element elementor-element-d734715 elementor-section-boxed elementor-section-height-default elementor-section-height-default\" data-id=\"d734715\" data-element_type=\"section\" data-e-type=\"section\">\n\t\t\t\t\t\t<div class=\"elementor-container elementor-column-gap-default\">\n\t\t\t\t\t<div class=\"elementor-column elementor-col-100 elementor-top-column elementor-element elementor-element-f091d22\" data-id=\"f091d22\" data-element_type=\"column\" data-e-type=\"column\">\n\t\t\t<div class=\"elementor-widget-wrap elementor-element-populated\">\n\t\t\t\t\t\t<div class=\"elementor-element elementor-element-994be97 elementor-widget elementor-widget-image\" data-id=\"994be97\" data-element_type=\"widget\" data-e-type=\"widget\" data-widget_type=\"image.default\">\n\t\t\t\t<div class=\"elementor-widget-container\">\n\t\t\t\t\t\t\t\t\t\t\t\t\t\t\t<img fetchpriority=\"high\" decoding=\"async\" width=\"1024\" height=\"681\" src=\"https:\/\/seishinaikidomallorca.com\/wp-content\/uploads\/2019\/08\/05-2-1024x681.jpg\" class=\"attachment-large size-large wp-image-147\" alt=\"\" srcset=\"https:\/\/seishinaikidomallorca.com\/wp-content\/uploads\/2019\/08\/05-2-1024x681.jpg 1024w, https:\/\/seishinaikidomallorca.com\/wp-content\/uploads\/2019\/08\/05-2-300x199.jpg 300w, https:\/\/seishinaikidomallorca.com\/wp-content\/uploads\/2019\/08\/05-2-768x510.jpg 768w, https:\/\/seishinaikidomallorca.com\/wp-content\/uploads\/2019\/08\/05-2.jpg 1300w\" sizes=\"(max-width: 1024px) 100vw, 1024px\" \/>\t\t\t\t\t\t\t\t\t\t\t\t\t\t\t<\/div>\n\t\t\t\t<\/div>\n\t\t\t\t\t<\/div>\n\t\t<\/div>\n\t\t\t\t\t<\/div>\n\t\t<\/section>\n\t\t\t\t<\/div>","protected":false},"excerpt":{"rendered":"<p>&nbsp; Musubi No Kokoro significa seriedad y profundidad en el estudio de Aikido, ambiente de compa\u00f1erismo, compromiso con la pr\u00e1ctica. En nuestra pr\u00e1ctica de Aikido buscamos la fidelidad a los&hellip;&nbsp;<a href=\"https:\/\/seishinaikidomallorca.com\/en\/musubi-no-kokoro\" rel=\"bookmark\">Read More &raquo;<span class=\"screen-reader-text\">Musubi No Kokoro<\/span><\/a><\/p>","protected":false},"author":1,"featured_media":0,"parent":0,"menu_order":0,"comment_status":"closed","ping_status":"closed","template":"","meta":{"om_disable_all_campaigns":false,"_monsterinsights_skip_tracking":false,"_monsterinsights_sitenote_active":false,"_monsterinsights_sitenote_note":"","_monsterinsights_sitenote_category":0,"neve_meta_sidebar":"","neve_meta_container":"","neve_meta_enable_content_width":"","neve_meta_content_width":0,"neve_meta_title_alignment":"","neve_meta_author_avatar":"","neve_post_elements_order":"","neve_meta_disable_header":"","neve_meta_disable_footer":"","neve_meta_disable_title":"","neve_meta_reading_time":"","ngg_post_thumbnail":0,"_themeisle_gutenberg_block_has_review":false,"footnotes":""},"class_list":["post-301","page","type-page","status-publish","hentry"],"yoast_head":"<!-- This site is optimized with the Yoast SEO plugin v22.2 - https:\/\/yoast.com\/wordpress\/plugins\/seo\/ -->\n<title>Musubi No Kokoro - SEISHIN AIKIDO MALLORCA<\/title>\n<meta name=\"robots\" content=\"index, follow, max-snippet:-1, max-image-preview:large, max-video-preview:-1\" \/>\n<link rel=\"canonical\" href=\"https:\/\/seishinaikidomallorca.com\/en\/musubi-no-kokoro\/\" \/>\n<meta property=\"og:locale\" content=\"en_GB\" \/>\n<meta property=\"og:type\" content=\"article\" \/>\n<meta property=\"og:title\" content=\"Musubi No Kokoro - SEISHIN AIKIDO MALLORCA\" \/>\n<meta property=\"og:description\" content=\"&nbsp; Musubi No Kokoro significa seriedad y profundidad en el estudio de Aikido, ambiente de compa\u00f1erismo, compromiso con la pr\u00e1ctica. En nuestra pr\u00e1ctica de Aikido buscamos la fidelidad a los&hellip;&nbsp;Read More &raquo;Musubi No Kokoro\" \/>\n<meta property=\"og:url\" content=\"https:\/\/seishinaikidomallorca.com\/en\/musubi-no-kokoro\/\" \/>\n<meta property=\"og:site_name\" content=\"SEISHIN AIKIDO MALLORCA\" \/>\n<meta property=\"article:publisher\" content=\"https:\/\/www.facebook.com\/seishinaikidomallorca\" \/>\n<meta property=\"article:modified_time\" content=\"2022-09-07T14:04:04+00:00\" \/>\n<meta property=\"og:image\" content=\"http:\/\/seishinaikidomallorca.com\/wp-content\/uploads\/2019\/08\/05-2-1024x681.jpg\" \/>\n<meta name=\"twitter:card\" content=\"summary_large_image\" \/>\n<meta name=\"twitter:label1\" content=\"Estimated reading time\" \/>\n\t<meta name=\"twitter:data1\" content=\"1 minute\" \/>\n<script type=\"application\/ld+json\" class=\"yoast-schema-graph\">{\"@context\":\"https:\/\/schema.org\",\"@graph\":[{\"@type\":\"WebPage\",\"@id\":\"https:\/\/seishinaikidomallorca.com\/musubi-no-kokoro\",\"url\":\"https:\/\/seishinaikidomallorca.com\/musubi-no-kokoro\",\"name\":\"Musubi No Kokoro - SEISHIN AIKIDO MALLORCA\",\"isPartOf\":{\"@id\":\"https:\/\/seishinaikidomallorca.com\/#website\"},\"primaryImageOfPage\":{\"@id\":\"https:\/\/seishinaikidomallorca.com\/musubi-no-kokoro#primaryimage\"},\"image\":{\"@id\":\"https:\/\/seishinaikidomallorca.com\/musubi-no-kokoro#primaryimage\"},\"thumbnailUrl\":\"http:\/\/seishinaikidomallorca.com\/wp-content\/uploads\/2019\/08\/05-2-1024x681.jpg\",\"datePublished\":\"2021-07-30T14:35:43+00:00\",\"dateModified\":\"2022-09-07T14:04:04+00:00\",\"breadcrumb\":{\"@id\":\"https:\/\/seishinaikidomallorca.com\/musubi-no-kokoro#breadcrumb\"},\"inLanguage\":\"en-GB\",\"potentialAction\":[{\"@type\":\"ReadAction\",\"target\":[\"https:\/\/seishinaikidomallorca.com\/musubi-no-kokoro\"]}]},{\"@type\":\"ImageObject\",\"inLanguage\":\"en-GB\",\"@id\":\"https:\/\/seishinaikidomallorca.com\/musubi-no-kokoro#primaryimage\",\"url\":\"http:\/\/seishinaikidomallorca.com\/wp-content\/uploads\/2019\/08\/05-2-1024x681.jpg\",\"contentUrl\":\"http:\/\/seishinaikidomallorca.com\/wp-content\/uploads\/2019\/08\/05-2-1024x681.jpg\"},{\"@type\":\"BreadcrumbList\",\"@id\":\"https:\/\/seishinaikidomallorca.com\/musubi-no-kokoro#breadcrumb\",\"itemListElement\":[{\"@type\":\"ListItem\",\"position\":1,\"name\":\"Portada\",\"item\":\"https:\/\/seishinaikidomallorca.com\/\"},{\"@type\":\"ListItem\",\"position\":2,\"name\":\"Musubi No Kokoro\"}]},{\"@type\":\"WebSite\",\"@id\":\"https:\/\/seishinaikidomallorca.com\/#website\",\"url\":\"https:\/\/seishinaikidomallorca.com\/\",\"name\":\"SEISHIN AIKIDO MALLORCA\",\"description\":\"AIKIDO EN MALLORCA | AIKIDO EN PALMA Y SINEU\",\"publisher\":{\"@id\":\"https:\/\/seishinaikidomallorca.com\/#organization\"},\"potentialAction\":[{\"@type\":\"SearchAction\",\"target\":{\"@type\":\"EntryPoint\",\"urlTemplate\":\"https:\/\/seishinaikidomallorca.com\/?s={search_term_string}\"},\"query-input\":\"required name=search_term_string\"}],\"inLanguage\":\"en-GB\"},{\"@type\":\"Organization\",\"@id\":\"https:\/\/seishinaikidomallorca.com\/#organization\",\"name\":\"SEISHIN AIKIDO MALLORCA\",\"url\":\"https:\/\/seishinaikidomallorca.com\/\",\"logo\":{\"@type\":\"ImageObject\",\"inLanguage\":\"en-GB\",\"@id\":\"https:\/\/seishinaikidomallorca.com\/#\/schema\/logo\/image\/\",\"url\":\"https:\/\/seishinaikidomallorca.com\/wp-content\/uploads\/2024\/03\/mon-scaled.jpg\",\"contentUrl\":\"https:\/\/seishinaikidomallorca.com\/wp-content\/uploads\/2024\/03\/mon-scaled.jpg\",\"width\":2560,\"height\":2560,\"caption\":\"SEISHIN AIKIDO MALLORCA\"},\"image\":{\"@id\":\"https:\/\/seishinaikidomallorca.com\/#\/schema\/logo\/image\/\"},\"sameAs\":[\"https:\/\/www.facebook.com\/seishinaikidomallorca\",\"https:\/\/www.instagram.com\/seishinaikidomallorca\"]}]}<\/script>\n<!-- \/ Yoast SEO plugin. -->","yoast_head_json":{"title":"Musubi No Kokoro - SEISHIN AIKIDO MALLORCA","robots":{"index":"index","follow":"follow","max-snippet":"max-snippet:-1","max-image-preview":"max-image-preview:large","max-video-preview":"max-video-preview:-1"},"canonical":"https:\/\/seishinaikidomallorca.com\/en\/musubi-no-kokoro\/","og_locale":"en_GB","og_type":"article","og_title":"Musubi No Kokoro - SEISHIN AIKIDO MALLORCA","og_description":"&nbsp; Musubi No Kokoro significa seriedad y profundidad en el estudio de Aikido, ambiente de compa\u00f1erismo, compromiso con la pr\u00e1ctica. En nuestra pr\u00e1ctica de Aikido buscamos la fidelidad a los&hellip;&nbsp;Read More &raquo;Musubi No Kokoro","og_url":"https:\/\/seishinaikidomallorca.com\/en\/musubi-no-kokoro\/","og_site_name":"SEISHIN AIKIDO MALLORCA","article_publisher":"https:\/\/www.facebook.com\/seishinaikidomallorca","article_modified_time":"2022-09-07T14:04:04+00:00","og_image":[{"url":"http:\/\/seishinaikidomallorca.com\/wp-content\/uploads\/2019\/08\/05-2-1024x681.jpg"}],"twitter_card":"summary_large_image","twitter_misc":{"Estimated reading time":"1 minute"},"schema":{"@context":"https:\/\/schema.org","@graph":[{"@type":"WebPage","@id":"https:\/\/seishinaikidomallorca.com\/musubi-no-kokoro","url":"https:\/\/seishinaikidomallorca.com\/musubi-no-kokoro","name":"Musubi No Kokoro - SEISHIN AIKIDO MALLORCA","isPartOf":{"@id":"https:\/\/seishinaikidomallorca.com\/#website"},"primaryImageOfPage":{"@id":"https:\/\/seishinaikidomallorca.com\/musubi-no-kokoro#primaryimage"},"image":{"@id":"https:\/\/seishinaikidomallorca.com\/musubi-no-kokoro#primaryimage"},"thumbnailUrl":"http:\/\/seishinaikidomallorca.com\/wp-content\/uploads\/2019\/08\/05-2-1024x681.jpg","datePublished":"2021-07-30T14:35:43+00:00","dateModified":"2022-09-07T14:04:04+00:00","breadcrumb":{"@id":"https:\/\/seishinaikidomallorca.com\/musubi-no-kokoro#breadcrumb"},"inLanguage":"en-GB","potentialAction":[{"@type":"ReadAction","target":["https:\/\/seishinaikidomallorca.com\/musubi-no-kokoro"]}]},{"@type":"ImageObject","inLanguage":"en-GB","@id":"https:\/\/seishinaikidomallorca.com\/musubi-no-kokoro#primaryimage","url":"http:\/\/seishinaikidomallorca.com\/wp-content\/uploads\/2019\/08\/05-2-1024x681.jpg","contentUrl":"http:\/\/seishinaikidomallorca.com\/wp-content\/uploads\/2019\/08\/05-2-1024x681.jpg"},{"@type":"BreadcrumbList","@id":"https:\/\/seishinaikidomallorca.com\/musubi-no-kokoro#breadcrumb","itemListElement":[{"@type":"ListItem","position":1,"name":"Portada","item":"https:\/\/seishinaikidomallorca.com\/"},{"@type":"ListItem","position":2,"name":"Musubi No Kokoro"}]},{"@type":"WebSite","@id":"https:\/\/seishinaikidomallorca.com\/#website","url":"https:\/\/seishinaikidomallorca.com\/","name":"SEISHIN AIKIDO MALLORCA","description":"AIKIDO EN MALLORCA | AIKIDO EN PALMA Y SINEU","publisher":{"@id":"https:\/\/seishinaikidomallorca.com\/#organization"},"potentialAction":[{"@type":"SearchAction","target":{"@type":"EntryPoint","urlTemplate":"https:\/\/seishinaikidomallorca.com\/?s={search_term_string}"},"query-input":"required name=search_term_string"}],"inLanguage":"en-GB"},{"@type":"Organization","@id":"https:\/\/seishinaikidomallorca.com\/#organization","name":"SEISHIN AIKIDO MALLORCA","url":"https:\/\/seishinaikidomallorca.com\/","logo":{"@type":"ImageObject","inLanguage":"en-GB","@id":"https:\/\/seishinaikidomallorca.com\/#\/schema\/logo\/image\/","url":"https:\/\/seishinaikidomallorca.com\/wp-content\/uploads\/2024\/03\/mon-scaled.jpg","contentUrl":"https:\/\/seishinaikidomallorca.com\/wp-content\/uploads\/2024\/03\/mon-scaled.jpg","width":2560,"height":2560,"caption":"SEISHIN AIKIDO MALLORCA"},"image":{"@id":"https:\/\/seishinaikidomallorca.com\/#\/schema\/logo\/image\/"},"sameAs":["https:\/\/www.facebook.com\/seishinaikidomallorca","https:\/\/www.instagram.com\/seishinaikidomallorca"]}]}},"_links":{"self":[{"href":"https:\/\/seishinaikidomallorca.com\/en\/wp-json\/wp\/v2\/pages\/301","targetHints":{"allow":["GET"]}}],"collection":[{"href":"https:\/\/seishinaikidomallorca.com\/en\/wp-json\/wp\/v2\/pages"}],"about":[{"href":"https:\/\/seishinaikidomallorca.com\/en\/wp-json\/wp\/v2\/types\/page"}],"author":[{"embeddable":true,"href":"https:\/\/seishinaikidomallorca.com\/en\/wp-json\/wp\/v2\/users\/1"}],"replies":[{"embeddable":true,"href":"https:\/\/seishinaikidomallorca.com\/en\/wp-json\/wp\/v2\/comments?post=301"}],"version-history":[{"count":10,"href":"https:\/\/seishinaikidomallorca.com\/en\/wp-json\/wp\/v2\/pages\/301\/revisions"}],"predecessor-version":[{"id":379,"href":"https:\/\/seishinaikidomallorca.com\/en\/wp-json\/wp\/v2\/pages\/301\/revisions\/379"}],"wp:attachment":[{"href":"https:\/\/seishinaikidomallorca.com\/en\/wp-json\/wp\/v2\/media?parent=301"}],"curies":[{"name":"wp","href":"https:\/\/api.w.org\/{rel}","templated":true}]}}